{"id":3,"date":"2025-09-17T08:09:14","date_gmt":"2025-09-17T08:09:14","guid":{"rendered":"https:\/\/game.ctrldesign.de\/wordpress\/?page_id=3"},"modified":"2025-11-24T18:27:06","modified_gmt":"2025-11-24T18:27:06","slug":"privacy-policy","status":"publish","type":"page","link":"https:\/\/www.ctrldesign.de\/index.php\/privacy-policy\/","title":{"rendered":"Privacy Policy"},"content":{"rendered":"\n<h2 class=\"wp-block-heading has-palette-color-5-color has-text-color has-link-color wp-elements-6957443ebc7ae14c1f9718a263a9c926\">Privacy Policy<\/h2>\n\n\n\n<p class=\"has-palette-color-5-color has-text-color has-link-color wp-elements-2898091dc6c30c799347aa120a65f692\"><strong>1. Verantwortlicher<\/strong><\/p>\n\n\n\n<p class=\"has-palette-color-5-color has-text-color has-link-color wp-elements-6fdd3f7cac0436deaa60b1d1c7bc53f7\">Jessica Oertel<br>E-Mail:\u00a0<a href=\"mailto:kontakt@ctrldesign.de\">kontakt@ctrldesign.de<\/a><br>Website:\u00a0<a href=\"https:\/\/www.ctrldesign.de\/\">www.ctrldesign.de<\/a><\/p>\n\n\n\n<p class=\"has-palette-color-5-color has-text-color has-link-color wp-elements-71c160bb906d67737cb668bb1d9beb8b\"><strong>2. Allgemeine Hinweise<\/strong><\/p>\n\n\n\n<p class=\"has-palette-color-5-color has-text-color has-link-color wp-elements-0ef980008f6015c310a0c626a0a7114f\">Der Schutz Ihrer pers\u00f6nlichen Daten ist uns wichtig. Personenbezogene Daten werden vertraulich und gem\u00e4\u00df den gesetzlichen Datenschutzvorschriften sowie dieser Datenschutzerkl\u00e4rung behandelt.<\/p>\n\n\n\n<p class=\"has-palette-color-5-color has-text-color has-link-color wp-elements-e24fcc67d629a701a28acbb6114ca1b4\"><strong>3. Zugriffsdaten<\/strong><\/p>\n\n\n\n<p class=\"has-palette-color-5-color has-text-color has-link-color wp-elements-914a355ee0b893ac9d692be845672757\">Beim Besuch dieser Website werden automatisch Informationen wie IP-Adresse, Browsertyp, Betriebssystem und Uhrzeit des Zugriffs durch den Hostinganbieter erfasst. Diese Daten dienen der technischen Sicherheit und statistischen Auswertung.<\/p>\n\n\n\n<p class=\"has-palette-color-5-color has-text-color has-link-color wp-elements-715af0bc4113d09caa276c3d13a97512\"><strong>4. Kontaktaufnahme<\/strong><\/p>\n\n\n\n<p class=\"has-palette-color-5-color has-text-color has-link-color wp-elements-1950f4491dba9c47297e96fab0a98a74\">Wenn Sie uns per E-Mail kontaktieren, werden Ihre Angaben zur Bearbeitung der Anfrage gespeichert. Diese Daten geben wir nicht ohne Ihre Einwilligung weiter.<\/p>\n\n\n\n<p class=\"has-palette-color-5-color has-text-color has-link-color wp-elements-594d3ed344e8d0d9d6d439dfd1bddeb4\"><strong>5. Cookies<\/strong><\/p>\n\n\n\n<p class=\"has-palette-color-5-color has-text-color has-link-color wp-elements-bce1bb6e4761d08b9a1cd1858569725d\">Diese Website verwendet keine Cookies zur Nutzerverfolgung. Technisch notwendige Cookies k\u00f6nnen eingesetzt werden, um die Funktionalit\u00e4t sicherzustellen.<\/p>\n\n\n\n<p class=\"has-palette-color-5-color has-text-color has-link-color wp-elements-99ac061b0716dc4f62539acfe19eec7d\"><strong>6. Ihre Rechte<\/strong><\/p>\n\n\n\n<p class=\"has-palette-color-5-color has-text-color has-link-color wp-elements-278520ec49417505b58071db06054896\">Sie haben das Recht auf Auskunft, Berichtigung, L\u00f6schung und Einschr\u00e4nkung der Verarbeitung Ihrer personenbezogenen Daten sowie das Recht auf Daten\u00fcbertragbarkeit. Bitte wenden Sie sich dazu an die oben genannte Kontaktadresse.<\/p>\n\n\n\n<p class=\"has-palette-color-5-color has-text-color has-link-color wp-elements-a2561be1684f02b47f0e8c0bd2cdcc54\"><strong>7. Externe Dienste<\/strong><\/p>\n\n\n\n<p class=\"has-palette-color-5-color has-text-color has-link-color wp-elements-fedde2a65bf255fd1b64248622489415\">Derzeit werden externe Social Media Plugins eingebunden. Sollte sich dies \u00e4ndern, wird diese Datenschutzerkl\u00e4rung entsprechend angepasst.<\/p>\n\n\n\n<p class=\"has-palette-color-5-color has-text-color has-link-color wp-elements-ddd29260d537baa43373642187b4a8a2\"><strong>8. \u00c4nderungen<\/strong><\/p>\n\n\n\n<p class=\"has-palette-color-5-color has-text-color has-link-color wp-elements-78cc5a4924d2c80199fb50544e30e5f7\">Wir behalten uns vor, diese Datenschutzerkl\u00e4rung bei Bedarf anzupassen, um sie an aktuelle rechtliche Anforderungen oder \u00c4nderungen unserer Dienste anzupassen.<\/p>\n\n\n\n<p class=\"has-palette-color-5-color has-text-color has-link-color wp-elements-f01cf0407a0b2850d2391dd03776d4ff\"><em>Quelle: angepasst nach e-recht24.de<\/em><\/p>\n","protected":false},"excerpt":{"rendered":"<p>Privacy Policy 1. Verantwortlicher Jessica OertelE-Mail:\u00a0kontakt@ctrldesign.deWebsite:\u00a0www.ctrldesign.de 2. Allgemeine Hinweise Der Schutz Ihrer pers\u00f6nlichen Daten ist uns wichtig. Personenbezogene Daten werden vertraulich und gem\u00e4\u00df den gesetzlichen Datenschutzvorschriften sowie dieser Datenschutzerkl\u00e4rung behandelt. 3. Zugriffsdaten Beim Besuch dieser Website werden automatisch Informationen wie IP-Adresse, Browsertyp, Betriebssystem und Uhrzeit des Zugriffs durch den Hostinganbieter erfasst. Diese Daten dienen der [&hellip;]<\/p>\n","protected":false},"author":1,"featured_media":0,"parent":0,"menu_order":0,"comment_status":"closed","ping_status":"closed","template":"","meta":{"footnotes":""},"class_list":["post-3","page","type-page","status-publish","hentry"],"blocksy_meta":[],"_links":{"self":[{"href":"https:\/\/www.ctrldesign.de\/index.php\/wp-json\/wp\/v2\/pages\/3","targetHints":{"allow":["GET"]}}],"collection":[{"href":"https:\/\/www.ctrldesign.de\/index.php\/wp-json\/wp\/v2\/pages"}],"about":[{"href":"https:\/\/www.ctrldesign.de\/index.php\/wp-json\/wp\/v2\/types\/page"}],"author":[{"embeddable":true,"href":"https:\/\/www.ctrldesign.de\/index.php\/wp-json\/wp\/v2\/users\/1"}],"replies":[{"embeddable":true,"href":"https:\/\/www.ctrldesign.de\/index.php\/wp-json\/wp\/v2\/comments?post=3"}],"version-history":[{"count":8,"href":"https:\/\/www.ctrldesign.de\/index.php\/wp-json\/wp\/v2\/pages\/3\/revisions"}],"predecessor-version":[{"id":442,"href":"https:\/\/www.ctrldesign.de\/index.php\/wp-json\/wp\/v2\/pages\/3\/revisions\/442"}],"wp:attachment":[{"href":"https:\/\/www.ctrldesign.de\/index.php\/wp-json\/wp\/v2\/media?parent=3"}],"curies":[{"name":"wp","href":"https:\/\/api.w.org\/{rel}","templated":true}]}}