{"id":381,"date":"2025-11-22T10:51:36","date_gmt":"2025-11-22T10:51:36","guid":{"rendered":"https:\/\/game.ctrldesign.de\/wordpress\/?page_id=381"},"modified":"2025-11-22T11:07:45","modified_gmt":"2025-11-22T11:07:45","slug":"imprint","status":"publish","type":"page","link":"https:\/\/www.ctrldesign.de\/index.php\/imprint\/","title":{"rendered":"Imprint"},"content":{"rendered":"\n<h2 class=\"wp-block-heading has-palette-color-6-color has-text-color has-link-color wp-elements-a8c53819cdfe096c29cf6d2dc9b3216e\">Impressum<\/h2>\n\n\n\n<p class=\"has-palette-color-5-color has-text-color has-link-color wp-elements-bd1948b471ac8aee62e0ac111a32d4a2\">Angaben gem\u00e4\u00df \u00a7 5 DDG:<\/p>\n\n\n\n<p class=\"has-palette-color-5-color has-text-color has-link-color wp-elements-316b493e9be24f9fc79c237d0d4408bd\"><strong>Jessica Oertel<\/strong><br><br>Am D\u00fcppersholl 13<br>44388 Dortmund<br>Deutschland<\/p>\n\n\n\n<p class=\"has-palette-color-5-color has-text-color has-link-color wp-elements-b76f7b800fc4d54792c85a7cfc690d2f\"><strong>Kontakt:<\/strong><br><br>E-Mail:&nbsp;<a href=\"mailto:kontakt@ctrldesign.de\">kontakt@ctrldesign.de<\/a><\/p>\n\n\n\n<p class=\"has-palette-color-5-color has-text-color has-link-color wp-elements-0ec66db0542103f0675a5d7373ef9d74\">Verantwortlich f\u00fcr den Inhalt nach \u00a7 18 Abs. 2 MStV: Jessica Oertel<\/p>\n\n\n\n<p class=\"has-palette-color-5-color has-text-color has-link-color wp-elements-4bc9228c5ee07ce024472783c026df2c\"><strong>Geltungsbereich:<\/strong><br>Dieses Impressum gilt f\u00fcr die Domains:<br>&#8211;&nbsp;<a href=\"https:\/\/www.ctrldesign.de\/\">www.ctrldesign.de<\/a><br>&#8211;&nbsp;<a href=\"https:\/\/game.ctrldesign.de\/\">game.ctrldesign.de<\/a><br>sowie alle zugeh\u00f6rigen Subdomains und Dienste.<\/p>\n\n\n\n<p class=\"has-palette-color-5-color has-text-color has-link-color wp-elements-47d779f1e19da377ec1f53a2f5d4a741\"><strong>Haftungsausschluss und Datenschutz:<\/strong><br>Siehe&nbsp;<a href=\"https:\/\/game.ctrldesign.de\/wordpress\/index.php\/privacy-policy\/\" data-type=\"page\" data-id=\"3\">Datenschutzerkl\u00e4rung<\/a><\/p>\n\n\n\n<p class=\"has-palette-color-5-color has-text-color has-link-color wp-elements-4619b1056ea173d28988e13f964eb4fe\"><em>Quelle:&nbsp;<a href=\"https:\/\/www.e-recht24.de\/\">e-recht24.de<\/a><\/em><\/p>\n\n\n\n<p><\/p>\n","protected":false},"excerpt":{"rendered":"<p>Impressum Angaben gem\u00e4\u00df \u00a7 5 DDG: Jessica Oertel Am D\u00fcppersholl 1344388 DortmundDeutschland Kontakt: E-Mail:&nbsp;kontakt@ctrldesign.de Verantwortlich f\u00fcr den Inhalt nach \u00a7 18 Abs. 2 MStV: Jessica Oertel Geltungsbereich:Dieses Impressum gilt f\u00fcr die Domains:&#8211;&nbsp;www.ctrldesign.de&#8211;&nbsp;game.ctrldesign.desowie alle zugeh\u00f6rigen Subdomains und Dienste. Haftungsausschluss und Datenschutz:Siehe&nbsp;Datenschutzerkl\u00e4rung Quelle:&nbsp;e-recht24.de<\/p>\n","protected":false},"author":2,"featured_media":0,"parent":0,"menu_order":0,"comment_status":"closed","ping_status":"closed","template":"","meta":{"footnotes":""},"class_list":["post-381","page","type-page","status-publish","hentry"],"blocksy_meta":[],"_links":{"self":[{"href":"https:\/\/www.ctrldesign.de\/index.php\/wp-json\/wp\/v2\/pages\/381","targetHints":{"allow":["GET"]}}],"collection":[{"href":"https:\/\/www.ctrldesign.de\/index.php\/wp-json\/wp\/v2\/pages"}],"about":[{"href":"https:\/\/www.ctrldesign.de\/index.php\/wp-json\/wp\/v2\/types\/page"}],"author":[{"embeddable":true,"href":"https:\/\/www.ctrldesign.de\/index.php\/wp-json\/wp\/v2\/users\/2"}],"replies":[{"embeddable":true,"href":"https:\/\/www.ctrldesign.de\/index.php\/wp-json\/wp\/v2\/comments?post=381"}],"version-history":[{"count":5,"href":"https:\/\/www.ctrldesign.de\/index.php\/wp-json\/wp\/v2\/pages\/381\/revisions"}],"predecessor-version":[{"id":387,"href":"https:\/\/www.ctrldesign.de\/index.php\/wp-json\/wp\/v2\/pages\/381\/revisions\/387"}],"wp:attachment":[{"href":"https:\/\/www.ctrldesign.de\/index.php\/wp-json\/wp\/v2\/media?parent=381"}],"curies":[{"name":"wp","href":"https:\/\/api.w.org\/{rel}","templated":true}]}}